{"id":15,"date":"2021-05-25T14:43:00","date_gmt":"2021-05-25T12:43:00","guid":{"rendered":"http:\/\/essai.cover-flex.fr\/index.php\/produit\/v-neck-t-shirt-2\/"},"modified":"2021-05-25T21:31:52","modified_gmt":"2021-05-25T19:31:52","slug":"v-neck-t-shirt-2","status":"publish","type":"product","link":"https:\/\/essai.cover-flex.fr\/index.php\/produit\/v-neck-t-shirt-2\/","title":{"rendered":"Couvercles extensibles Cover&#8217;Flex"},"content":{"rendered":"<h1 class=\"top-heading-big\">Polyvalent et r\u00e9sistant<\/h1>\n<p>Nos couvercles conviennent \u00e0 de nombreux types de supports et sont facilement\u00a0<strong>modulables<\/strong>\u00a0pour recouvrir tout type de surface.<\/p>\n<h1 class=\"top-heading-big\">Pratique et ing\u00e9nieux<\/h1>\n<p>Petits et facilement stockables, ils r\u00e9sistent bien au froid et \u00e0 la chaleur, sa\u00a0<strong>r\u00e9sistance<\/strong>\u00a0permet de les nettoyer au lave-vaisselle et r\u00e9chauffer vos plats au micro-ondes.<\/p>\n<p>&nbsp;<\/p>\n<h1 class=\"top-heading-big\">\u00c9cologique et r\u00e9utilisable<\/h1>\n<p>Son aspect\u00a0<strong>r\u00e9utilisable<\/strong>\u00a0permet de pr\u00e9server l&#8217;environnement en\u00a0substituant le couvercle aux films plastiques.\u00a0Nos\u00a0couvercles permettent aussi d&#8217;\u00e9viter le gaspillage par la conservation de vos produits \u00e0 consommation journali\u00e8re.<\/p>\n","protected":false},"excerpt":{"rendered":"<ul>\n<li>Fabriqu\u00e9s \u00e0 base de caoutchouc de silicone, sans BPA et approuv\u00e9 par la FDA.<\/li>\n<\/ul>\n<ul>\n<li>Couvercles \u00e9co-responsables qui r\u00e9duisent l&#8217;empreinte carbone de notre plan\u00e8te.<\/li>\n<\/ul>\n<ul>\n<li>Lavables au lave-vaisselle et \u00e0 la main.<\/li>\n<\/ul>\n<ul>\n<li>R\u00e9sistants entre -30\u00b0C et 230\u00b0C, peuvent \u00eatre utilis\u00e9s dans les r\u00e9frig\u00e9rateurs, les fours \u00e0 micro-ondes ou encore les fours \u00e9lectriques.<\/li>\n<\/ul>\n<ul>\n<li>\u00c9tirables sur au moins 2 fois leurs tailles, modulables et adaptables \u00e0 tout type de support.<\/li>\n<\/ul>\n<ul>\n<li>Dimensions : 6,5cm \/ 9,5cm \/ 11,5cm \/ 14,5cm \/ 16,5cm \/ 21cm<\/li>\n<\/ul>\n<ul>\n<li>Couvercles \u00e9tanches gardant les aliments frais et prot\u00e9geant des odeurs du r\u00e9frig\u00e9rateur.<\/li>\n<\/ul>\n","protected":false},"featured_media":20,"comment_status":"open","ping_status":"closed","template":"","meta":[],"class_list":["post-15","product","type-product","status-publish","has-post-thumbnail","hentry","product_cat-outils_cuisine"],"featured_image_urls":{"full":["https:\/\/essai.cover-flex.fr\/wp-content\/uploads\/2021\/05\/blanc_600x600.jpg",600,600,false],"thumbnail":["https:\/\/essai.cover-flex.fr\/wp-content\/uploads\/2021\/05\/blanc_600x600-150x150.jpg",150,150,true],"medium":["https:\/\/essai.cover-flex.fr\/wp-content\/uploads\/2021\/05\/blanc_600x600-300x300.jpg",300,300,true],"medium_large":["https:\/\/essai.cover-flex.fr\/wp-content\/uploads\/2021\/05\/blanc_600x600.jpg",600,600,false],"large":["https:\/\/essai.cover-flex.fr\/wp-content\/uploads\/2021\/05\/blanc_600x600.jpg",600,600,false],"1536x1536":["https:\/\/essai.cover-flex.fr\/wp-content\/uploads\/2021\/05\/blanc_600x600.jpg",600,600,false],"2048x2048":["https:\/\/essai.cover-flex.fr\/wp-content\/uploads\/2021\/05\/blanc_600x600.jpg",600,600,false],"woocommerce_thumbnail":["https:\/\/essai.cover-flex.fr\/wp-content\/uploads\/2021\/05\/blanc_600x600-300x400.jpg",300,400,true],"woocommerce_single":["https:\/\/essai.cover-flex.fr\/wp-content\/uploads\/2021\/05\/blanc_600x600.jpg",600,600,false],"woocommerce_gallery_thumbnail":["https:\/\/essai.cover-flex.fr\/wp-content\/uploads\/2021\/05\/blanc_600x600-100x100.jpg",100,100,true],"shop_catalog":["https:\/\/essai.cover-flex.fr\/wp-content\/uploads\/2021\/05\/blanc_600x600-300x400.jpg",300,400,true],"shop_single":["https:\/\/essai.cover-flex.fr\/wp-content\/uploads\/2021\/05\/blanc_600x600.jpg",600,600,false],"shop_thumbnail":["https:\/\/essai.cover-flex.fr\/wp-content\/uploads\/2021\/05\/blanc_600x600-100x100.jpg",100,100,true],"form-edit-image-preview":["https:\/\/essai.cover-flex.fr\/wp-content\/uploads\/2021\/05\/blanc_600x600.jpg",116,116,false]},"post_excerpt_stackable":"<ul>\n<li>Fabriqu\u00e9s \u00e0 base de caoutchouc de silicone, sans BPA et approuv\u00e9 par la FDA.<\/li>\n<\/ul>\n<ul>\n<li>Couvercles \u00e9co-responsables qui r\u00e9duisent l&#8217;empreinte carbone de notre plan\u00e8te.<\/li>\n<\/ul>\n<ul>\n<li>Lavables au lave-vaisselle et \u00e0 la main.<\/li>\n<\/ul>\n<ul>\n<li>R\u00e9sistants entre -30\u00b0C et 230\u00b0C, peuvent \u00eatre utilis\u00e9s dans les r\u00e9frig\u00e9rateurs, les fours \u00e0 micro-ondes ou encore les fours \u00e9lectriques.<\/li>\n<\/ul>\n<ul>\n<li>\u00c9tirables sur au moins 2 fois leurs tailles, modulables et adaptables \u00e0 tout type de support.<\/li>\n<\/ul>\n<ul>\n<li>Dimensions : 6,5cm \/ 9,5cm \/ 11,5cm \/ 14,5cm \/ 16,5cm \/ 21cm<\/li>\n<\/ul>\n<ul>\n<li>Couvercles \u00e9tanches gardant les aliments frais et prot\u00e9geant des odeurs du r\u00e9frig\u00e9rateur.<\/li>\n<\/ul>\n","category_list":"","author_info":{"name":"","url":""},"comments_num":"0 comments","_links":{"self":[{"href":"https:\/\/essai.cover-flex.fr\/index.php\/wp-json\/wp\/v2\/product\/15"}],"collection":[{"href":"https:\/\/essai.cover-flex.fr\/index.php\/wp-json\/wp\/v2\/product"}],"about":[{"href":"https:\/\/essai.cover-flex.fr\/index.php\/wp-json\/wp\/v2\/types\/product"}],"replies":[{"embeddable":true,"href":"https:\/\/essai.cover-flex.fr\/index.php\/wp-json\/wp\/v2\/comments?post=15"}],"wp:featuredmedia":[{"embeddable":true,"href":"https:\/\/essai.cover-flex.fr\/index.php\/wp-json\/wp\/v2\/media\/20"}],"wp:attachment":[{"href":"https:\/\/essai.cover-flex.fr\/index.php\/wp-json\/wp\/v2\/media?parent=15"}],"curies":[{"name":"wp","href":"https:\/\/api.w.org\/{rel}","templated":true}]}}